{"id":133,"date":"2023-02-27T13:38:09","date_gmt":"2023-02-27T13:38:09","guid":{"rendered":"https:\/\/prayanadesign.com\/?page_id=133"},"modified":"2025-10-28T04:26:42","modified_gmt":"2025-10-28T04:26:42","slug":"clair-voyage","status":"publish","type":"page","link":"https:\/\/prayanadesign.com\/nl\/heldere-reis\/","title":{"rendered":"Heldere Reis"},"content":{"rendered":"<div class=\"et_pb_section_0 et_pb_section et_section_regular et_block_section pixie_header3\"><div class=\"et_pb_row_0 et_pb_row et_block_row et_pb_row_fullwidth\"><div class=\"et_pb_column_0 et_pb_column et_pb_column_4_4 et-last-child et_block_column et_pb_css_mix_blend_mode_passthrough\"><div class=\"et_pb_divider_0 et_pb_divider_hidden et_pb_space et_pb_divider_position_top et_pb_module\"><div class=\"et_pb_divider_internal\"><\/div><\/div><\/div><\/div><\/div><div class=\"et_pb_section_1 et_pb_section et_section_specialty et_pb_equal_columns et_pb_gutters3 et_block_section\"><div class=\"et_pb_row et_block_row\"><div class=\"et_pb_column_1 et_pb_column et_pb_column_single et_pb_column_1_2 et_block_column et_pb_css_mix_blend_mode_passthrough\"><div class=\"et_pb_image_0 et_pb_image et_pb_module et_flex_module\"><span class=\"et_pb_image_wrap\"><img loading=\"lazy\" decoding=\"async\" src=\"https:\/\/prayanadesign.com\/wp-content\/uploads\/2023\/08\/branding-eenje-kopieren-1.jpg\" title=\"branding-eentje kopi\u00ebren (1)\" width=\"1300\" height=\"1776\" srcset=\"https:\/\/prayanadesign.com\/wp-content\/uploads\/2023\/08\/branding-eenje-kopieren-1.jpg 1300w, https:\/\/prayanadesign.com\/wp-content\/uploads\/2023\/08\/branding-eenje-kopieren-1-1280x1749.jpg 1280w, https:\/\/prayanadesign.com\/wp-content\/uploads\/2023\/08\/branding-eenje-kopieren-1-980x1339.jpg 980w, https:\/\/prayanadesign.com\/wp-content\/uploads\/2023\/08\/branding-eenje-kopieren-1-480x656.jpg 480w\" sizes=\"(min-width: 0px) and (max-width: 480px) 480px, (min-width: 481px) and (max-width: 980px) 980px, (min-width: 981px) and (max-width: 1280px) 1280px, (min-width: 1281px) 1300px, 100vw\" class=\"wp-image-5040\" \/><\/span><\/div><\/div><div class=\"et_pb_column_2 et_pb_column et_pb_specialty_column et_pb_column_1_2 et-last-child et_block_column et_pb_css_mix_blend_mode_passthrough\"><div class=\"et_pb_row_inner_0 et_pb_row_inner et_block_row\"><div class=\"et_pb_column_inner_0 et_pb_column_inner et_pb_column et_pb_column_4_4 et-last-child et_block_column et_pb_css_mix_blend_mode_passthrough\"><div class=\"et_pb_text_0 et_pb_text et_pb_bg_layout_light et_pb_module et_flex_module preset--module--divi-text--default\"><div class=\"et_pb_text_inner\" data-et-mv-hidden-phone=\"true\"><h2>Merkidentiteit en aangepaste website<br \/>voor Eenje Percival<\/h2>\n<\/div><\/div><div class=\"et_pb_text_1 et_pb_text et_pb_bg_layout_light et_pb_module et_flex_module preset--module--divi-text--default\"><div class=\"et_pb_text_inner\"><p>Uit natuurlijke nieuwsgierigheid en innerlijke kennis heeft Eenje zich altijd verdiept in spiritualiteit. Ze heeft vele cursussen gevolgd, boeken gelezen, van vele anderen geleerd en nu de stap gezet om haar eigen praktijk voor spirituele coaching te starten. Ze benaderde ons nadat een van onze voormalige cli\u00ebnten haar had aanbevolen.<\/p>\n<p>&nbsp;<\/p>\n<p>Voor haar logo voelde ze zich aangetrokken tot het symbool van een kompas. Ze zag zichzelf als een persoon die richting kon geven aan haar klanten. Met haar verbondenheid met de zon en de sterren bleek de combinatie van alle drie een perfecte match. Een minimalistisch symmetrisch logo, eigentijds maar verre van saai. Eenje was dolblij met het resultaat!<\/p>\n<\/div><\/div><\/div><\/div><div class=\"et_pb_row_inner_1 et_pb_row_inner et_block_row\"><div class=\"et_pb_column_inner_1 et_pb_column_inner et_pb_column et_pb_column_1_4 et_block_column et_pb_css_mix_blend_mode_passthrough\"><div class=\"et_pb_image_1 et_pb_image et_pb_module et_flex_module\"><span class=\"et_pb_image_wrap\"><img loading=\"lazy\" decoding=\"async\" src=\"https:\/\/prayanadesign.com\/wp-content\/uploads\/2023\/08\/FinalLogoClairVoyage00.jpeg\" title=\"FinalLogoClairVoyage00\" width=\"1000\" height=\"963\" srcset=\"https:\/\/prayanadesign.com\/wp-content\/uploads\/2023\/08\/FinalLogoClairVoyage00.jpeg 1000w, https:\/\/prayanadesign.com\/wp-content\/uploads\/2023\/08\/FinalLogoClairVoyage00-980x944.jpeg 980w, https:\/\/prayanadesign.com\/wp-content\/uploads\/2023\/08\/FinalLogoClairVoyage00-480x462.jpeg 480w\" sizes=\"(min-width: 0px) and (max-width: 480px) 480px, (min-width: 481px) and (max-width: 980px) 980px, (min-width: 981px) 1000px, 100vw\" class=\"wp-image-5038\" \/><\/span><\/div><\/div><div class=\"et_pb_column_inner_2 et_pb_column_inner et_pb_column et_pb_column_1_4 et-last-child et_block_column et_pb_css_mix_blend_mode_passthrough\"><div class=\"et_pb_text_2 et_pb_text et_pb_bg_layout_light et_pb_module et_flex_module preset--module--divi-text--default\"><div class=\"et_pb_text_inner\"><h2>Genezing en lezen<\/h2>\n<p>&nbsp;<\/p>\n<\/div><\/div><\/div><\/div><\/div><\/div><\/div><div class=\"et_pb_section_2 et_pb_section et_section_regular et_block_section\"><div class=\"et_pb_row_1 et_pb_row et_pb_equal_columns et_block_row et_pb_row_fullwidth\"><div class=\"et_pb_column_3 et_pb_column et_pb_column_4_4 et-last-child et_block_column et_pb_css_mix_blend_mode_passthrough\"><div class=\"et_pb_text_3 et_pb_text et_pb_bg_layout_dark et_pb_module et_flex_module preset--module--divi-text--default\"><div class=\"et_pb_text_inner\"><p><span>Inspirerende quote, recensies,<\/span><br \/> <span>of lieve woorden kunnen hier geplaatst worden. En als je niets kunt bedenken om hier neer te zetten,<\/span><\/p>\n<\/div><\/div><\/div><\/div><\/div><div class=\"et_pb_section_3 et_pb_section et_section_regular et_block_section\"><div class=\"et_pb_row_2 et_pb_row et_block_row\"><div class=\"et_pb_column_4 et_pb_column et_pb_column_4_4 et-last-child et_block_column et_pb_css_mix_blend_mode_passthrough\"><div class=\"et_pb_text_4 et_pb_text et_pb_bg_layout_light et_pb_module et_flex_module preset--module--divi-text--default\"><div class=\"et_pb_text_inner\" data-et-mv-hidden-phone=\"true\"><p style=\"text-align: center;\">Eenje vroeg om een website van \u00e9\u00e9n pagina en had een visie om een hemelse, aardse ervaring te cre\u00ebren, waarbij ze door haar verschillende aanbod bladerde.<br \/>We hebben ervoor gekozen om een achtergrondverloop te cre\u00ebren dat van het sterrenstelsel naar de woestijn gaat.<br \/>Passend bij de kleuren die ze voor haar merkidentiteit had gekozen, pakte dit uitzonderlijk goed uit.<\/p>\n<p style=\"text-align: center;\">Haar website is in augustus 2021 gemaakt en twee jaar later hebben we een grote update doorgevoerd.<br \/>Wij vinden het nog steeds een van de mooiste websites die we tot nu toe hebben gemaakt!<\/p>\n<\/div><\/div><\/div><\/div><div class=\"et_pb_row_3 et_pb_row et_block_row\"><div class=\"et_pb_column_5 et_pb_column et_pb_column_1_2 et_block_column et_pb_css_mix_blend_mode_passthrough\"><div class=\"et_pb_image_2 et_pb_image et_pb_module et_flex_module\"><span class=\"et_pb_image_wrap\"><img loading=\"lazy\" decoding=\"async\" src=\"https:\/\/prayanadesign.com\/wp-content\/uploads\/2023\/08\/tablet-eenje-1.jpg\" title=\"tablet-eenje (1)\" width=\"1236\" height=\"1595\" srcset=\"https:\/\/prayanadesign.com\/wp-content\/uploads\/2023\/08\/tablet-eenje-1.jpg 1236w, https:\/\/prayanadesign.com\/wp-content\/uploads\/2023\/08\/tablet-eenje-1-980x1265.jpg 980w, https:\/\/prayanadesign.com\/wp-content\/uploads\/2023\/08\/tablet-eenje-1-480x619.jpg 480w\" sizes=\"(min-width: 0px) and (max-width: 480px) 480px, (min-width: 481px) and (max-width: 980px) 980px, (min-width: 981px) 1236px, 100vw\" class=\"wp-image-5033\" \/><\/span><\/div><\/div><div class=\"et_pb_column_6 et_pb_column et_pb_column_1_2 et-last-child et_block_column et_pb_css_mix_blend_mode_passthrough\"><div class=\"et_pb_image_3 et_pb_image et_pb_module et_flex_module hover-scroll-mockup\"><span class=\"et_pb_image_wrap\"><img loading=\"lazy\" decoding=\"async\" src=\"https:\/\/prayanadesign.com\/wp-content\/uploads\/2023\/08\/kisspng-imac-macbook-pro-apple-transparent-5ac7ee1fafd7c2.1383566715230520637203-1-1-1.png\" title=\"kisspng-imac-macbook-pro-apple-transparant-5ac7ee1fafd7c2.1383566715230520637203 (1) (1) (1)\" width=\"5000\" height=\"4341\" srcset=\"https:\/\/prayanadesign.com\/wp-content\/uploads\/2023\/08\/kisspng-imac-macbook-pro-apple-transparent-5ac7ee1fafd7c2.1383566715230520637203-1-1-1.png 5000w, https:\/\/prayanadesign.com\/wp-content\/uploads\/2023\/08\/kisspng-imac-macbook-pro-apple-transparent-5ac7ee1fafd7c2.1383566715230520637203-1-1-1-1280x1111.png 1280w, https:\/\/prayanadesign.com\/wp-content\/uploads\/2023\/08\/kisspng-imac-macbook-pro-apple-transparent-5ac7ee1fafd7c2.1383566715230520637203-1-1-1-980x851.png 980w, https:\/\/prayanadesign.com\/wp-content\/uploads\/2023\/08\/kisspng-imac-macbook-pro-apple-transparent-5ac7ee1fafd7c2.1383566715230520637203-1-1-1-480x417.png 480w\" sizes=\"(min-width: 0px) and (max-width: 480px) 480px, (min-width: 481px) and (max-width: 980px) 980px, (min-width: 981px) and (max-width: 1280px) 1280px, (min-width: 1281px) 5000px, 100vw\" class=\"wp-image-5244\" \/><\/span><\/div><\/div><\/div><\/div>","protected":false},"excerpt":{"rendered":"","protected":false},"author":1,"featured_media":0,"parent":0,"menu_order":0,"comment_status":"closed","ping_status":"closed","template":"","meta":{"footnotes":""},"class_list":["post-133","page","type-page","status-publish","hentry"],"_links":{"self":[{"href":"https:\/\/prayanadesign.com\/nl\/wp-json\/wp\/v2\/pages\/133","targetHints":{"allow":["GET"]}}],"collection":[{"href":"https:\/\/prayanadesign.com\/nl\/wp-json\/wp\/v2\/pages"}],"about":[{"href":"https:\/\/prayanadesign.com\/nl\/wp-json\/wp\/v2\/types\/page"}],"author":[{"embeddable":true,"href":"https:\/\/prayanadesign.com\/nl\/wp-json\/wp\/v2\/users\/1"}],"replies":[{"embeddable":true,"href":"https:\/\/prayanadesign.com\/nl\/wp-json\/wp\/v2\/comments?post=133"}],"version-history":[{"count":1,"href":"https:\/\/prayanadesign.com\/nl\/wp-json\/wp\/v2\/pages\/133\/revisions"}],"predecessor-version":[{"id":6323,"href":"https:\/\/prayanadesign.com\/nl\/wp-json\/wp\/v2\/pages\/133\/revisions\/6323"}],"wp:attachment":[{"href":"https:\/\/prayanadesign.com\/nl\/wp-json\/wp\/v2\/media?parent=133"}],"curies":[{"name":"wp","href":"https:\/\/api.w.org\/{rel}","templated":true}]}}